{"id":33,"date":"2025-06-10T08:12:19","date_gmt":"2025-06-10T08:12:19","guid":{"rendered":"https:\/\/www.cuatroojos.es\/?page_id=33"},"modified":"2025-06-10T16:18:07","modified_gmt":"2025-06-10T16:18:07","slug":"inicio","status":"publish","type":"page","link":"https:\/\/www.cuatroojos.es\/","title":{"rendered":"Inicio"},"content":{"rendered":"\n<div class=\"wp-block-cover alignfull is-light has-contrast-color has-text-color has-link-color wp-elements-921e95dfdee82e0bc572a92ea6fb3344\" style=\"margin-top:0;margin-bottom:0;padding-top:var(--wp--preset--spacing--60);padding-right:var(--wp--preset--spacing--50);padding-bottom:var(--wp--preset--spacing--60);padding-left:var(--wp--preset--spacing--50)\"><span aria-hidden=\"true\" class=\"wp-block-cover__background has-base-background-color has-background-dim-100 has-background-dim\"><\/span><div class=\"wp-block-cover__inner-container has-global-padding is-layout-constrained wp-container-core-cover-is-layout-873ee6b1 wp-block-cover-is-layout-constrained\">\n<div class=\"wp-block-columns alignwide is-layout-flex wp-container-core-columns-is-layout-7ee84d44 wp-block-columns-is-layout-flex\">\n<div class=\"wp-block-column is-layout-flow wp-block-column-is-layout-flow\" style=\"flex-basis:50%\">\n<div class=\"wp-block-group is-vertical is-content-justification-left is-layout-flex wp-container-core-group-is-layout-dd225191 wp-block-group-is-layout-flex\">\n<figure class=\"wp-block-image size-full is-resized\"><img loading=\"lazy\" decoding=\"async\" width=\"698\" height=\"206\" src=\"https:\/\/www.cuatroojos.es\/wp-content\/uploads\/2025\/06\/cuatroojos-cabecera.png\" alt=\"\" class=\"wp-image-42\" style=\"width:276px;height:auto\" srcset=\"https:\/\/www.cuatroojos.es\/wp-content\/uploads\/2025\/06\/cuatroojos-cabecera.png 698w, https:\/\/www.cuatroojos.es\/wp-content\/uploads\/2025\/06\/cuatroojos-cabecera-300x89.png 300w\" sizes=\"auto, (max-width: 698px) 100vw, 698px\" \/><\/figure>\n\n\n\n<h2 class=\"wp-block-heading has-text-align-left\" style=\"font-size:clamp(6.4rem, 6.4rem + ((1vw - 0.2rem) * 15.059), 16rem);font-style:normal;font-weight:300;letter-spacing:-0.03em;line-height:1.4\">Hola,<\/h2>\n\n\n\n<h2 class=\"wp-block-heading is-style-text-subtitle is-style-text-subtitle--1\">Somos CUATRO OJOS:<\/h2>\n\n\n\n<p class=\"is-style-text-subtitle is-style-text-subtitle--2\">Dos fot\u00f3grafos, con m\u00e1s de <strong>15 a\u00f1os de experiencia<\/strong> y&nbsp;ofrecemos reportajes con <strong>creaciones que se grabar\u00e1n en tu retina<\/strong>.<\/p>\n<\/div>\n<\/div>\n\n\n\n<div class=\"wp-block-column is-vertically-aligned-center is-layout-flow wp-block-column-is-layout-flow\" style=\"flex-basis:45%\">\n<div class=\"wp-block-group is-vertical is-content-justification-stretch is-nowrap is-layout-flex wp-container-core-group-is-layout-73b0033c wp-block-group-is-layout-flex\">\n<figure class=\"wp-block-image size-full has-custom-border is-style-default wp-duotone-unset-3\"><img loading=\"lazy\" decoding=\"async\" width=\"1920\" height=\"1281\" src=\"https:\/\/www.cuatroojos.es\/wp-content\/uploads\/2025\/06\/CARBERLAN-SESION-MARIAJOSE-OCTUBRE2024-00014-1200px-BN.jpg\" alt=\"\" class=\"wp-image-55\" style=\"border-radius:20px;aspect-ratio:4\/3;object-fit:cover\" srcset=\"https:\/\/www.cuatroojos.es\/wp-content\/uploads\/2025\/06\/CARBERLAN-SESION-MARIAJOSE-OCTUBRE2024-00014-1200px-BN.jpg 1920w, https:\/\/www.cuatroojos.es\/wp-content\/uploads\/2025\/06\/CARBERLAN-SESION-MARIAJOSE-OCTUBRE2024-00014-1200px-BN-300x200.jpg 300w, https:\/\/www.cuatroojos.es\/wp-content\/uploads\/2025\/06\/CARBERLAN-SESION-MARIAJOSE-OCTUBRE2024-00014-1200px-BN-1024x683.jpg 1024w, https:\/\/www.cuatroojos.es\/wp-content\/uploads\/2025\/06\/CARBERLAN-SESION-MARIAJOSE-OCTUBRE2024-00014-1200px-BN-768x512.jpg 768w, https:\/\/www.cuatroojos.es\/wp-content\/uploads\/2025\/06\/CARBERLAN-SESION-MARIAJOSE-OCTUBRE2024-00014-1200px-BN-1536x1025.jpg 1536w\" sizes=\"auto, (max-width: 1920px) 100vw, 1920px\" \/><\/figure>\n\n\n\n<p class=\"has-text-align-left has-large-font-size\" style=\"line-height:1.2\"><a href=\"https:\/\/www.instagram.com\/cuatroojos.bodas\/\" data-type=\"link\" data-id=\"https:\/\/www.instagram.com\/cuatroojos.bodas\/\" target=\"_blank\" rel=\"noreferrer noopener\">Instagram<\/a><\/p>\n<\/div>\n<\/div>\n<\/div>\n\n\n\n<div style=\"height:50px\" aria-hidden=\"true\" class=\"wp-block-spacer\"><\/div>\n\n\n\n<div class=\"wp-block-columns alignwide is-layout-flex wp-container-core-columns-is-layout-fd4e8ab7 wp-block-columns-is-layout-flex\" style=\"padding-bottom:var(--wp--preset--spacing--30)\">\n<div class=\"wp-block-column is-layout-flow wp-block-column-is-layout-flow\" style=\"flex-basis:100%\">\n<div class=\"wp-block-group is-vertical is-content-justification-stretch is-layout-flex wp-container-core-group-is-layout-353c4f5a wp-block-group-is-layout-flex\">\n<h1 class=\"wp-block-heading is-style-text-subtitle has-xx-large-font-size is-style-text-subtitle--4\">\u00bfQu\u00e9 necesitas?<\/h1>\n\n\n\n<div class=\"wp-block-buttons is-content-justification-left is-layout-flex wp-container-core-buttons-is-layout-fc4fd283 wp-block-buttons-is-layout-flex\">\n<div class=\"wp-block-button\"><a class=\"wp-block-button__link wp-element-button\" href=\"https:\/\/bodas.cuatroojos.es\/\" target=\"_blank\" rel=\"noreferrer noopener\">Reportaje de boda<\/a><\/div>\n\n\n\n<div class=\"wp-block-button\"><a class=\"wp-block-button__link wp-element-button\" href=\"https:\/\/fotografiainfantil.cuatroojos.es\/\" target=\"_blank\" rel=\"noreferrer noopener\">Reportaje de comuni\u00f3n<\/a><\/div>\n\n\n\n<div class=\"wp-block-button\"><a class=\"wp-block-button__link wp-element-button\" href=\"https:\/\/meet.brevo.com\/cuatroojos-fotografia\/reunion-de-30-minutos\" target=\"_blank\" rel=\"noreferrer noopener\">Reportaje industrial<\/a><\/div>\n<\/div>\n<\/div>\n<\/div>\n<\/div>\n<\/div><\/div>\n","protected":false},"excerpt":{"rendered":"","protected":false},"author":1,"featured_media":0,"parent":0,"menu_order":0,"comment_status":"closed","ping_status":"closed","template":"","meta":{"footnotes":""},"class_list":["post-33","page","type-page","status-publish","hentry"],"_links":{"self":[{"href":"https:\/\/www.cuatroojos.es\/index.php\/wp-json\/wp\/v2\/pages\/33","targetHints":{"allow":["GET"]}}],"collection":[{"href":"https:\/\/www.cuatroojos.es\/index.php\/wp-json\/wp\/v2\/pages"}],"about":[{"href":"https:\/\/www.cuatroojos.es\/index.php\/wp-json\/wp\/v2\/types\/page"}],"author":[{"embeddable":true,"href":"https:\/\/www.cuatroojos.es\/index.php\/wp-json\/wp\/v2\/users\/1"}],"replies":[{"embeddable":true,"href":"https:\/\/www.cuatroojos.es\/index.php\/wp-json\/wp\/v2\/comments?post=33"}],"version-history":[{"count":10,"href":"https:\/\/www.cuatroojos.es\/index.php\/wp-json\/wp\/v2\/pages\/33\/revisions"}],"predecessor-version":[{"id":63,"href":"https:\/\/www.cuatroojos.es\/index.php\/wp-json\/wp\/v2\/pages\/33\/revisions\/63"}],"wp:attachment":[{"href":"https:\/\/www.cuatroojos.es\/index.php\/wp-json\/wp\/v2\/media?parent=33"}],"curies":[{"name":"wp","href":"https:\/\/api.w.org\/{rel}","templated":true}]}}